{"id":136,"date":"2023-11-21T16:24:52","date_gmt":"2023-11-21T15:24:52","guid":{"rendered":"https:\/\/etudiants-rouen.com\/sneakersdrip\/?post_type=product&#038;p=136"},"modified":"2023-11-21T16:27:17","modified_gmt":"2023-11-21T15:27:17","slug":"nike-sb-dunk-low-los-angeles-dodgers","status":"publish","type":"product","link":"https:\/\/etudiants-rouen.com\/sneakersdrip\/produit\/nike-sb-dunk-low-los-angeles-dodgers\/","title":{"rendered":"Nike SB Dunk Low Los Angeles Dodgers"},"content":{"rendered":"<div class=\"styles_head__ScAK7\">\n<p class=\"styles_design-body__aQY6y styles_grey-900__t6kc2\">DESCRIPTION<\/p>\n<\/div>\n<div>\n<div class=\"styles_design-body__aQY6y styles_grey-500__LeHwk styles_panelBody__SU5lt styles_isFirstPanel__QgT2W\">\n<p><a class=\"\" href=\"https:\/\/wethenew.com\/collections\/nike\"><strong>Nike<\/strong><\/a>\u00a0continue de rendre hommage aux \u00e9quipes de baseball professionnelles\u00a0am\u00e9ricianes\u00a0avec les\u00a0<strong>Dodgers<\/strong>.<\/p>\n<p>La\u00a0<strong>Nike SB Dunk Low Los Angeles Dodgers<\/strong>\u00a0affiche une base en\u00a0<strong>cuir blanc<\/strong>\u00a0accompagn\u00e9e de superpositions en\u00a0<strong>su\u00e8de bleu<\/strong>, deux couleurs repr\u00e9sentatives de la franchise californienne de\u00a0<strong>MLB<\/strong>. Le\u00a0<strong>Swoosh<\/strong>\u00a0est entour\u00e9 de\u00a0<strong>surpiqures<\/strong>\u00a0qui donnent de la texture au design. Sur la face int\u00e9rieure des languettes rembourr\u00e9es, caract\u00e9ristiques de\u00a0<strong>Nike SB<\/strong>, on peut voir un palmier et l&rsquo;inscription\u00a0\u201c<strong>Welcome to Dodger Stadium<\/strong>\u201d. La derni\u00e8re touche est donn\u00e9e par une t\u00e2che rose sur l&rsquo;une des semelles donnant l&rsquo;illusion d&rsquo;un chewing-gum coll\u00e9 sous la chaussure.<\/p>\n<p>Les amateurs de baseball et amoureux de\u00a0<strong>Los Angeles<\/strong>\u00a0trouveront leur bonheur dans cette nouvelle d\u00e9clinaison de la\u00a0<a class=\"\" href=\"https:\/\/wethenew.com\/collections\/nike-dunk-low\"><strong>Dunk Low<\/strong><\/a>.<\/p>\n<p><strong>SKU<\/strong>\u00a0:\u00a0DO9395-400<br \/>\n<strong>Date de sortie<\/strong>\u00a0: Juillet 2022<br \/>\n<strong>Colorway<\/strong>\u00a0:\u00a0DEEP ROYAL BLUE\/WHITE-SPORT RED-GUM LIGHT BROWN<\/p>\n<\/div>\n<\/div>\n","protected":false},"excerpt":{"rendered":"<h1 class=\"styles_text-sharp-24-32__r9z7l styles_name___PtcI\">Nike SB Dunk Low Los Angeles Dodgers<\/h1>\n<div class=\"styles_design-body__aQY6y styles_grey-900__t6kc2 styles_priceContainer__AyaYJ\">\n<p>\u00c0 partir de<\/p>\n<p class=\"styles_accent-blue__KYPNf\">335\u20ac<\/p>\n<\/div>\n","protected":false},"featured_media":137,"comment_status":"closed","ping_status":"closed","template":"","meta":[],"product_brand":[],"product_cat":[18],"product_tag":[],"class_list":{"0":"post-136","1":"product","2":"type-product","3":"status-publish","4":"has-post-thumbnail","6":"product_cat-nike","8":"entry","9":"has-media","11":"first","12":"instock","13":"shipping-taxable","14":"purchasable","15":"product-type-simple","16":"has-product-nav","17":"col","18":"span_1_of_3","19":"owp-content-center","20":"owp-thumbs-layout-horizontal","21":"owp-btn-normal","22":"owp-tabs-layout-horizontal"},"_links":{"self":[{"href":"https:\/\/etudiants-rouen.com\/sneakersdrip\/wp-json\/wp\/v2\/product\/136","targetHints":{"allow":["GET"]}}],"collection":[{"href":"https:\/\/etudiants-rouen.com\/sneakersdrip\/wp-json\/wp\/v2\/product"}],"about":[{"href":"https:\/\/etudiants-rouen.com\/sneakersdrip\/wp-json\/wp\/v2\/types\/product"}],"replies":[{"embeddable":true,"href":"https:\/\/etudiants-rouen.com\/sneakersdrip\/wp-json\/wp\/v2\/comments?post=136"}],"wp:featuredmedia":[{"embeddable":true,"href":"https:\/\/etudiants-rouen.com\/sneakersdrip\/wp-json\/wp\/v2\/media\/137"}],"wp:attachment":[{"href":"https:\/\/etudiants-rouen.com\/sneakersdrip\/wp-json\/wp\/v2\/media?parent=136"}],"wp:term":[{"taxonomy":"product_brand","embeddable":true,"href":"https:\/\/etudiants-rouen.com\/sneakersdrip\/wp-json\/wp\/v2\/product_brand?post=136"},{"taxonomy":"product_cat","embeddable":true,"href":"https:\/\/etudiants-rouen.com\/sneakersdrip\/wp-json\/wp\/v2\/product_cat?post=136"},{"taxonomy":"product_tag","embeddable":true,"href":"https:\/\/etudiants-rouen.com\/sneakersdrip\/wp-json\/wp\/v2\/product_tag?post=136"}],"curies":[{"name":"wp","href":"https:\/\/api.w.org\/{rel}","templated":true}]}}