{"id":132,"date":"2023-11-21T16:24:33","date_gmt":"2023-11-21T15:24:33","guid":{"rendered":"https:\/\/etudiants-rouen.com\/sneakersdrip\/?post_type=product&#038;p=132"},"modified":"2023-11-21T16:24:33","modified_gmt":"2023-11-21T15:24:33","slug":"new-balance-550-white-grey","status":"publish","type":"product","link":"https:\/\/etudiants-rouen.com\/sneakersdrip\/produit\/new-balance-550-white-grey\/","title":{"rendered":"New Balance 550 White Grey"},"content":{"rendered":"<div class=\"styles_head__ScAK7\">\n<p class=\"styles_design-body__aQY6y styles_grey-900__t6kc2\">DESCRIPTION<\/p>\n<\/div>\n<div>\n<div class=\"styles_design-body__aQY6y styles_grey-500__LeHwk styles_panelBody__SU5lt styles_isFirstPanel__QgT2W\">\n<p class=\"p1\">En parall\u00e8le du coloris\u00a0<a class=\"\" href=\"https:\/\/wethenew.com\/products\/new-balance-550-shadow\"><span class=\"s1\"><b>Shadow<\/b><\/span><\/a>, l\u2019\u00e9quipementier am\u00e9ricain nous a \u00e9galement concoct\u00e9 une\u00a0<b>New Balance 550<\/b>\u00a0\u201c<b>White Grey<\/b>\u201d in\u00e9dite.<\/p>\n<p class=\"p1\">La\u00a0<b>New Balance 550 White Grey<\/b>\u00a0affiche une base\u00a0<b>blanche<\/b>\u00a0arborant un m\u00e9lange de\u00a0<b>cuir<\/b>\u00a0<b>lisse<\/b>\u00a0et\u00a0<b>perfor\u00e9<\/b>. Elle se diff\u00e9rencie toutefois en appliquant ses touches de\u00a0<b>gris<\/b>\u00a0<b>perle<\/b>\u00a0exclusivement au niveau de la semelle ext\u00e9rieure. Quelques\u00a0<b>brandings<\/b>\u00a0situ\u00e9s sur la languette, le quarter panel et la midsole, apportent la touche finale.<\/p>\n<p class=\"p1\">La silhouette r\u00e9tro continue de s\u2019inspirer de coloris embl\u00e9matiques de la marque au Jumpman. En effet, cette\u00a0<a class=\"\" href=\"https:\/\/wethenew.com\/collections\/new-balance-550\"><span class=\"s1\"><b>New Balance 550<\/b><\/span><\/a>\u00a0se pr\u00e9sente comme une ode \u00e0 la fameuse\u00a0<a class=\"\" href=\"https:\/\/wethenew.com\/products\/air-jordan-1-retro-high-85-neutral-grey\"><span class=\"s1\"><b>Air Jordan 1 High Neutral Grey<\/b><\/span><\/a>\u00a0de 1985.<\/p>\n<p class=\"p1\"><strong>Note<\/strong>\u00a0: Certains d\u00e9tails du mod\u00e8le tels que la languette int\u00e9rieure et les quarter panel peuvent varier en fonction de la taille du produit. Les mod\u00e8les GS poss\u00e8dent une tige en cuir lisse non perfor\u00e9.<\/p>\n<p><strong>SKU<\/strong>\u00a0:\u00a0BB550PB1 \/ GSB550PB<br \/>\n<strong>Date de sortie<\/strong>\u00a0: Juillet 2021<br \/>\n<strong>Colorway<\/strong>\u00a0:\u00a0WHITE\/GREY<\/p>\n<\/div>\n<\/div>\n","protected":false},"excerpt":{"rendered":"<h1 class=\"styles_text-sharp-24-32__r9z7l styles_name___PtcI\">New Balance 550 White Grey<\/h1>\n<div class=\"styles_design-body__aQY6y styles_grey-900__t6kc2 styles_priceContainer__AyaYJ\">\n<p>\u00c0 partir de<\/p>\n<p class=\"styles_accent-blue__KYPNf\">150\u20ac<\/p>\n<\/div>\n","protected":false},"featured_media":133,"comment_status":"closed","ping_status":"closed","template":"","meta":[],"product_brand":[],"product_cat":[21],"product_tag":[],"class_list":{"0":"post-132","1":"product","2":"type-product","3":"status-publish","4":"has-post-thumbnail","6":"product_cat-new-balance","8":"entry","9":"has-media","11":"first","12":"instock","13":"shipping-taxable","14":"purchasable","15":"product-type-simple","16":"has-product-nav","17":"col","18":"span_1_of_3","19":"owp-content-center","20":"owp-thumbs-layout-horizontal","21":"owp-btn-normal","22":"owp-tabs-layout-horizontal"},"_links":{"self":[{"href":"https:\/\/etudiants-rouen.com\/sneakersdrip\/wp-json\/wp\/v2\/product\/132","targetHints":{"allow":["GET"]}}],"collection":[{"href":"https:\/\/etudiants-rouen.com\/sneakersdrip\/wp-json\/wp\/v2\/product"}],"about":[{"href":"https:\/\/etudiants-rouen.com\/sneakersdrip\/wp-json\/wp\/v2\/types\/product"}],"replies":[{"embeddable":true,"href":"https:\/\/etudiants-rouen.com\/sneakersdrip\/wp-json\/wp\/v2\/comments?post=132"}],"wp:featuredmedia":[{"embeddable":true,"href":"https:\/\/etudiants-rouen.com\/sneakersdrip\/wp-json\/wp\/v2\/media\/133"}],"wp:attachment":[{"href":"https:\/\/etudiants-rouen.com\/sneakersdrip\/wp-json\/wp\/v2\/media?parent=132"}],"wp:term":[{"taxonomy":"product_brand","embeddable":true,"href":"https:\/\/etudiants-rouen.com\/sneakersdrip\/wp-json\/wp\/v2\/product_brand?post=132"},{"taxonomy":"product_cat","embeddable":true,"href":"https:\/\/etudiants-rouen.com\/sneakersdrip\/wp-json\/wp\/v2\/product_cat?post=132"},{"taxonomy":"product_tag","embeddable":true,"href":"https:\/\/etudiants-rouen.com\/sneakersdrip\/wp-json\/wp\/v2\/product_tag?post=132"}],"curies":[{"name":"wp","href":"https:\/\/api.w.org\/{rel}","templated":true}]}}