{"id":125,"date":"2023-11-21T16:25:17","date_gmt":"2023-11-21T15:25:17","guid":{"rendered":"https:\/\/etudiants-rouen.com\/sneakersdrip\/?post_type=product&#038;p=125"},"modified":"2023-11-21T16:25:17","modified_gmt":"2023-11-21T15:25:17","slug":"adidas-campus-00s","status":"publish","type":"product","link":"https:\/\/etudiants-rouen.com\/sneakersdrip\/produit\/adidas-campus-00s\/","title":{"rendered":"Adidas Campus 00s"},"content":{"rendered":"<div class=\"styles_panel___fzNc styles_activatedPanel__GnrkV\">\n<div class=\"styles_head__ScAK7\">\n<p class=\"styles_design-body__aQY6y styles_grey-900__t6kc2\">DESCRIPTION<\/p>\n<\/div>\n<div>\n<div class=\"styles_design-body__aQY6y styles_grey-500__LeHwk styles_panelBody__SU5lt styles_isFirstPanel__QgT2W\">\n<p>Apr\u00e8s la\u00a0<a class=\"\" href=\"https:\/\/wethenew.com\/collections\/adidas-samba\"><span style=\"text-decoration: underline\"><strong>Samba<\/strong><\/span><\/a>\u00a0et la\u00a0<a class=\"\" href=\"https:\/\/wethenew.com\/collections\/adidas-gazelle\"><span style=\"text-decoration: underline\"><strong>Gazelle<\/strong><\/span><\/a>, Adidas met en avant une nouvelle silhouette inspir\u00e9e du skate et des ann\u00e9es 2000.<\/p>\n<p>La\u00a0<strong>Adidas Campus 00&rsquo;s Footwear White Core Black<\/strong>\u00a0pr\u00e9sente une base en\u00a0<strong>cuir gris<\/strong>, accompagn\u00e9e de\u00a0<strong>trois \u00e9paisses bandes noires<\/strong>\u00a0sur le panneau lat\u00e9ral. Caract\u00e9ristiques de la marque allemande, ces trois bandes s&rsquo;accordent aux lacets, au heel tab ainsi qu&rsquo;\u00e0 la semelle en caoutchouc.<\/p>\n<p><strong>SKU<\/strong>\u00a0: H03470<br \/>\n<strong>Date de sortie<\/strong>\u00a0: Juin\u00a02023<br \/>\n<strong>Colorway<\/strong>\u00a0: FOOTWEAR WHITE\/CORE BLACK\/FOOTWEAR WHITE<\/p>\n<\/div>\n<\/div>\n<\/div>\n<div class=\"styles_panel___fzNc\">\n<div class=\"styles_head__ScAK7\"><\/div>\n<\/div>\n","protected":false},"excerpt":{"rendered":"<h1 class=\"styles_text-sharp-24-32__r9z7l styles_name___PtcI\">Adidas Campus 00s Footwear White Core Black<\/h1>\n<div class=\"styles_design-body__aQY6y styles_grey-900__t6kc2 styles_priceContainer__AyaYJ\">\n<p>\u00c0 partir de<\/p>\n<p class=\"styles_accent-blue__KYPNf\">210\u20ac<\/p>\n<\/div>\n","protected":false},"featured_media":103,"comment_status":"closed","ping_status":"closed","template":"","meta":[],"product_brand":[],"product_cat":[19],"product_tag":[],"class_list":{"0":"post-125","1":"product","2":"type-product","3":"status-publish","4":"has-post-thumbnail","6":"product_cat-adidas","8":"entry","9":"has-media","11":"first","12":"instock","13":"shipping-taxable","14":"purchasable","15":"product-type-simple","16":"has-product-nav","17":"col","18":"span_1_of_3","19":"owp-content-center","20":"owp-thumbs-layout-horizontal","21":"owp-btn-normal","22":"owp-tabs-layout-horizontal"},"_links":{"self":[{"href":"https:\/\/etudiants-rouen.com\/sneakersdrip\/wp-json\/wp\/v2\/product\/125","targetHints":{"allow":["GET"]}}],"collection":[{"href":"https:\/\/etudiants-rouen.com\/sneakersdrip\/wp-json\/wp\/v2\/product"}],"about":[{"href":"https:\/\/etudiants-rouen.com\/sneakersdrip\/wp-json\/wp\/v2\/types\/product"}],"replies":[{"embeddable":true,"href":"https:\/\/etudiants-rouen.com\/sneakersdrip\/wp-json\/wp\/v2\/comments?post=125"}],"wp:featuredmedia":[{"embeddable":true,"href":"https:\/\/etudiants-rouen.com\/sneakersdrip\/wp-json\/wp\/v2\/media\/103"}],"wp:attachment":[{"href":"https:\/\/etudiants-rouen.com\/sneakersdrip\/wp-json\/wp\/v2\/media?parent=125"}],"wp:term":[{"taxonomy":"product_brand","embeddable":true,"href":"https:\/\/etudiants-rouen.com\/sneakersdrip\/wp-json\/wp\/v2\/product_brand?post=125"},{"taxonomy":"product_cat","embeddable":true,"href":"https:\/\/etudiants-rouen.com\/sneakersdrip\/wp-json\/wp\/v2\/product_cat?post=125"},{"taxonomy":"product_tag","embeddable":true,"href":"https:\/\/etudiants-rouen.com\/sneakersdrip\/wp-json\/wp\/v2\/product_tag?post=125"}],"curies":[{"name":"wp","href":"https:\/\/api.w.org\/{rel}","templated":true}]}}